{"id":55,"date":"2025-02-03T12:18:35","date_gmt":"2025-02-03T12:18:35","guid":{"rendered":"https:\/\/monte-charge.space\/?page_id=55"},"modified":"2025-02-03T12:18:43","modified_gmt":"2025-02-03T12:18:43","slug":"a-propos-de-nous","status":"publish","type":"page","link":"https:\/\/monte-charge.space\/index.php\/a-propos-de-nous\/","title":{"rendered":"\u00c0 propos de nous"},"content":{"rendered":"\n<p><strong>LE MONTE CHARGE<\/strong> est une association fond\u00e9e en 2002, situ\u00e9e \u00e0 Aubervilliers, dont la mission principale est de promouvoir, cr\u00e9er, et diffuser des spectacles vivants sous toutes leurs formes. Depuis sa cr\u00e9ation, notre association a su se d\u00e9velopper autour d&#8217;une vision novatrice de l&#8217;art, en int\u00e9grant de mani\u00e8re fluide et audacieuse les nouvelles technologies au monde du spectacle vivant. Th\u00e9\u00e2tre, danse, musique, vid\u00e9o, film, multim\u00e9dia, nouvelles technologies : notre champ d\u2019expression est vaste et en constante \u00e9volution, refl\u00e9tant ainsi la diversit\u00e9 des talents et des id\u00e9es qui animent notre \u00e9quipe.<\/p>\n\n\n\n<h3 class=\"wp-block-heading\"><strong>Notre histoire : la gen\u00e8se de l\u2019association<\/strong><\/h3>\n\n\n\n<p>L\u2019histoire de <strong>LE MONTE CHARGE<\/strong> commence au d\u00e9but des ann\u00e9es 2000, lorsqu\u2019un groupe d\u2019artistes, port\u00e9s par une passion commune pour les arts du spectacle et l\u2019innovation, d\u00e9cident de cr\u00e9er un espace permettant de concr\u00e9tiser leurs id\u00e9es. L\u2019objectif \u00e9tait de fonder un lieu o\u00f9 les artistes pourraient collaborer et exp\u00e9rimenter sans contraintes, \u00e0 l\u2019abri des formats pr\u00e9\u00e9tablis des sc\u00e8nes traditionnelles. Tr\u00e8s vite, <strong>LE MONTE CHARGE<\/strong> s\u2019impose comme un acteur important de la cr\u00e9ation artistique \u00e0 Aubervilliers et au-del\u00e0. Nous avons ainsi travers\u00e9 les ann\u00e9es en diversifiant notre approche, en accueillant de plus en plus de cr\u00e9ateurs et en enrichissant notre r\u00e9pertoire de cr\u00e9ations audacieuses.<\/p>\n\n\n\n<p>Depuis sa fondation, <strong>LE MONTE CHARGE<\/strong> a mis un accent particulier sur l\u2019exploration des fronti\u00e8res entre les arts traditionnels et les pratiques plus contemporaines. L\u2019int\u00e9gration des nouvelles technologies, de la vid\u00e9o \u00e0 la r\u00e9alit\u00e9 virtuelle, en passant par les installations interactives et le multim\u00e9dia, a marqu\u00e9 un tournant dans notre parcours. Chaque projet est une nouvelle occasion de repousser les limites de la cr\u00e9ativit\u00e9 et d\u2019explorer des formes artistiques encore peu explor\u00e9es.<\/p>\n\n\n\n<h3 class=\"wp-block-heading\"><strong>Nos missions : cr\u00e9er, diffuser et exp\u00e9rimenter<\/strong><\/h3>\n\n\n\n<p>La mission principale de <strong>LE MONTE CHARGE<\/strong> est de produire des spectacles vivants sous toutes leurs formes et de permettre \u00e0 ces cr\u00e9ations de voir le jour, de rencontrer le public, et de se d\u00e9ployer au-del\u00e0 des fronti\u00e8res. Nous cr\u00e9ons des \u00e9v\u00e9nements artistiques qui allient diversit\u00e9, cr\u00e9ativit\u00e9, et innovation. Pour ce faire, nous nous appuyons sur une \u00e9quipe d\u2019artistes, de techniciens et de producteurs passionn\u00e9s, unis par l\u2019envie de cr\u00e9er des exp\u00e9riences artistiques nouvelles et marquantes.<\/p>\n\n\n\n<p>Notre approche se distingue par une volont\u00e9 de <strong>r\u00e9inventer la sc\u00e8ne<\/strong> \u00e0 chaque projet, en int\u00e9grant des \u00e9l\u00e9ments de technologie de pointe et en exp\u00e9rimentant de nouvelles techniques de mise en sc\u00e8ne. Nous sommes convaincus que l\u2019art doit \u00eatre un terrain de libert\u00e9 et de cr\u00e9ation sans limites, et c\u2019est pourquoi nous encourageons la fusion des genres et des mediums. L&#8217;art, pour nous, ne doit pas se cantonner \u00e0 une seule discipline ; il doit pouvoir s&#8217;exprimer \u00e0 travers la danse, le th\u00e9\u00e2tre, la musique, les arts visuels et num\u00e9riques, ainsi que les technologies interactives.<\/p>\n\n\n\n<h3 class=\"wp-block-heading\"><strong>L\u2019innovation artistique et technologique au c\u0153ur de notre d\u00e9marche<\/strong><\/h3>\n\n\n\n<p>Un des aspects les plus marquants de notre association r\u00e9side dans l\u2019int\u00e9gration des nouvelles technologies \u00e0 nos cr\u00e9ations artistiques. D\u00e8s sa cr\u00e9ation, <strong>LE MONTE CHARGE<\/strong> a cherch\u00e9 \u00e0 allier innovation technologique et recherche artistique. Aujourd&#8217;hui, notre ambition reste la m\u00eame : repousser les fronti\u00e8res du possible en mati\u00e8re d\u2019interaction entre les artistes, le public et les technologies. Nous croyons fermement que l\u2019art et la technologie peuvent se nourrir mutuellement pour offrir des exp\u00e9riences nouvelles et surprenantes.<\/p>\n\n\n\n<p>Nos spectacles ne se contentent pas de retranscrire une simple histoire, mais cherchent \u00e0 offrir une exp\u00e9rience immersive et interactive. Gr\u00e2ce \u00e0 l\u2019utilisation de projections vid\u00e9o en temps r\u00e9el, d\u2019installations multim\u00e9dia, de syst\u00e8mes de son interactifs, et de technologies en constante \u00e9volution, nous transformons le spectateur en acteur d\u2019une exp\u00e9rience visuelle et sonore in\u00e9dite. Chaque projet est une occasion de tester de nouvelles id\u00e9es, de nouvelles formes d\u2019expression et de nouvelles mani\u00e8res d\u2019entrer en relation avec le public.<\/p>\n\n\n\n<h3 class=\"wp-block-heading\"><strong>Nos valeurs : cr\u00e9ativit\u00e9, diversit\u00e9 et inclusivit\u00e9<\/strong><\/h3>\n\n\n\n<p>Les valeurs qui sous-tendent chaque action de <strong>LE MONTE CHARGE<\/strong> sont profond\u00e9ment ancr\u00e9es dans une philosophie de cr\u00e9ativit\u00e9 sans bornes, de diversit\u00e9 artistique et d&#8217;inclusivit\u00e9. Nous croyons que la cr\u00e9ation artistique ne doit pas se limiter \u00e0 un format sp\u00e9cifique ou \u00e0 une forme de spectacle bien d\u00e9finie. La richesse de notre parcours repose sur la diversit\u00e9 de nos projets et sur l\u2019envie de donner la parole \u00e0 toutes les formes d\u2019art, qu\u2019elles soient traditionnelles ou \u00e9mergentes.<\/p>\n\n\n\n<ol class=\"wp-block-list\">\n<li><strong>Cr\u00e9ativit\u00e9<\/strong> : Nous encourageons la cr\u00e9ativit\u00e9 sous toutes ses formes, sans restriction ni censure. Chaque projet est une invitation \u00e0 exp\u00e9rimenter, \u00e0 sortir des sentiers battus et \u00e0 imaginer des solutions innovantes. Nos spectacles sont souvent le fruit d\u2019une d\u00e9marche collective o\u00f9 chaque artiste, qu\u2019il soit danseur, acteur, technicien ou vid\u00e9aste, apporte son expertise et son regard unique.<\/li>\n\n\n\n<li><strong>Diversit\u00e9<\/strong> : <strong>LE MONTE CHARGE<\/strong> croit fermement que l\u2019art doit refl\u00e9ter la diversit\u00e9 du monde dans lequel il s\u2019inscrit. Nous nous effor\u00e7ons de cr\u00e9er des \u0153uvres qui abordent une grande vari\u00e9t\u00e9 de th\u00e9matiques et qui soient repr\u00e9sentatives de multiples cultures, exp\u00e9riences et visions du monde. Que ce soit dans le choix des artistes ou des th\u00e9matiques abord\u00e9es, nous mettons un point d&#8217;honneur \u00e0 faire entendre des voix vari\u00e9es et \u00e0 offrir un acc\u00e8s \u00e0 la culture \u00e0 tous les publics.<\/li>\n\n\n\n<li><strong>Inclusivit\u00e9<\/strong> : Dans notre d\u00e9marche, l\u2019inclusivit\u00e9 est une valeur essentielle. Nous sommes convaincus que l&#8217;art doit \u00eatre accessible \u00e0 tous, qu\u2019il s\u2019agisse des spectateurs ou des cr\u00e9ateurs. Nous \u0153uvrons ainsi pour un art ouvert \u00e0 tous, sans discrimination d\u2019origine, de genre, d\u2019\u00e2ge ou de statut social. Nous organisons des ateliers, des r\u00e9sidences et des \u00e9v\u00e9nements qui permettent \u00e0 chacun, ind\u00e9pendamment de son parcours, de participer activement \u00e0 la cr\u00e9ation artistique.<\/li>\n<\/ol>\n\n\n\n<h3 class=\"wp-block-heading\"><strong>Un lieu de cr\u00e9ation, d\u2019exp\u00e9rimentation et de rencontres<\/strong><\/h3>\n\n\n\n<p>Au-del\u00e0 de nos productions, <strong>LE MONTE CHARGE<\/strong> est aussi un lieu de rencontre et d\u2019exp\u00e9rimentation. Nous offrons un espace o\u00f9 les artistes peuvent se r\u00e9unir, tester leurs id\u00e9es, et d\u00e9velopper de nouveaux projets. C\u2019est un lieu de cr\u00e9ation collaboratif, o\u00f9 les \u00e9changes entre les diff\u00e9rentes disciplines et les diverses formes d\u2019art sont encourag\u00e9s.<\/p>\n\n\n\n<p>Notre espace est con\u00e7u pour favoriser la cr\u00e9ativit\u00e9 dans un environnement stimulant. Gr\u00e2ce \u00e0 des \u00e9quipements techniques modernes et \u00e0 une \u00e9quipe de techniciens et de professionnels passionn\u00e9s, les artistes ont la possibilit\u00e9 d\u2019exp\u00e9rimenter librement. Nous organisons r\u00e9guli\u00e8rement des r\u00e9sidences artistiques, des workshops, et des \u00e9v\u00e9nements pour soutenir la cr\u00e9ation et favoriser la rencontre entre les artistes et le public.<\/p>\n\n\n\n<h3 class=\"wp-block-heading\"><strong>Nos r\u00e9alisations et collaborations : une diffusion \u00e0 l\u2019international<\/strong><\/h3>\n\n\n\n<p>Au fil des ann\u00e9es, <strong>LE MONTE CHARGE<\/strong> a su d\u00e9velopper un large \u00e9ventail de productions, de projets et de collaborations artistiques. Chaque cr\u00e9ation est l\u2019occasion d\u2019explorer de nouvelles formes d\u2019expression et d\u2019interaction avec le public. Nos spectacles et projets ont \u00e9t\u00e9 pr\u00e9sent\u00e9s non seulement en France, mais aussi \u00e0 l\u2019international, contribuant ainsi \u00e0 la diffusion de nos \u0153uvres \u00e0 travers le monde. Ces collaborations avec d\u2019autres structures culturelles, artistes et institutions nous permettent de partager nos id\u00e9es et d\u2019enrichir constamment notre approche artistique.<\/p>\n\n\n\n<p>Nous avons \u00e9galement \u00e9tabli des partenariats avec des entreprises technologiques et des \u00e9coles d\u2019art, afin de pousser toujours plus loin nos exp\u00e9rimentations. Ces collaborations sont essentielles pour nourrir notre d\u00e9marche cr\u00e9ative et permettre \u00e0 nos projets d\u2019atteindre un public toujours plus large.<\/p>\n\n\n\n<h3 class=\"wp-block-heading\"><strong>L\u2019avenir de LE MONTE CHARGE : une exploration continue<\/strong><\/h3>\n\n\n\n<p>L&#8217;avenir de <strong>LE MONTE CHARGE<\/strong> se construit autour de l&#8217;id\u00e9e que l\u2019art est un domaine en perp\u00e9tuelle \u00e9volution. Nous avons pour objectif de continuer \u00e0 explorer de nouvelles formes d\u2019expression, \u00e0 cr\u00e9er des spectacles qui bouleversent les conventions et \u00e0 utiliser les technologies pour offrir des exp\u00e9riences toujours plus immersives et innovantes.<\/p>\n\n\n\n<p>Nous souhaitons \u00e9galement continuer \u00e0 d\u00e9velopper nos activit\u00e9s internationales, en participant \u00e0 des festivals et en collaborant avec des artistes et des institutions \u00e0 travers le monde. <strong>LE MONTE CHARGE<\/strong> continuera ainsi \u00e0 s&#8217;affirmer comme un acteur incontournable de la sc\u00e8ne artistique contemporaine, alliant tradition et modernit\u00e9, et offrant \u00e0 tous une exp\u00e9rience de l\u2019art qui soit \u00e0 la fois accessible, innovante et inspirante.<\/p>\n","protected":false},"excerpt":{"rendered":"<p>LE MONTE CHARGE est une association fond\u00e9e en 2002, situ\u00e9e \u00e0 Aubervilliers, dont la mission principale est de promouvoir, cr\u00e9er, et diffuser des spectacles vivants sous toutes leurs formes. Depuis sa cr\u00e9ation, notre association a su se d\u00e9velopper autour d&#8217;une vision novatrice de l&#8217;art, en int\u00e9grant de mani\u00e8re fluide et audacieuse les nouvelles technologies au [&hellip;]<\/p>\n","protected":false},"author":1,"featured_media":0,"parent":0,"menu_order":0,"comment_status":"closed","ping_status":"closed","template":"","meta":{"saved_in_kubio":false,"footnotes":""},"class_list":["post-55","page","type-page","status-publish","hentry"],"kubio_ai_page_context":{"short_desc":"","purpose":"general"},"_links":{"self":[{"href":"https:\/\/monte-charge.space\/index.php\/wp-json\/wp\/v2\/pages\/55","targetHints":{"allow":["GET"]}}],"collection":[{"href":"https:\/\/monte-charge.space\/index.php\/wp-json\/wp\/v2\/pages"}],"about":[{"href":"https:\/\/monte-charge.space\/index.php\/wp-json\/wp\/v2\/types\/page"}],"author":[{"embeddable":true,"href":"https:\/\/monte-charge.space\/index.php\/wp-json\/wp\/v2\/users\/1"}],"replies":[{"embeddable":true,"href":"https:\/\/monte-charge.space\/index.php\/wp-json\/wp\/v2\/comments?post=55"}],"version-history":[{"count":1,"href":"https:\/\/monte-charge.space\/index.php\/wp-json\/wp\/v2\/pages\/55\/revisions"}],"predecessor-version":[{"id":63,"href":"https:\/\/monte-charge.space\/index.php\/wp-json\/wp\/v2\/pages\/55\/revisions\/63"}],"wp:attachment":[{"href":"https:\/\/monte-charge.space\/index.php\/wp-json\/wp\/v2\/media?parent=55"}],"curies":[{"name":"wp","href":"https:\/\/api.w.org\/{rel}","templated":true}]}}